{"id":9364,"date":"2025-07-09T12:12:54","date_gmt":"2025-07-09T10:12:54","guid":{"rendered":"https:\/\/trun-cultura.ch\/architektur\/"},"modified":"2026-01-04T19:17:21","modified_gmt":"2026-01-04T18:17:21","slug":"architektur","status":"publish","type":"page","link":"https:\/\/trun-cultura.ch\/rm\/architektur\/","title":{"rendered":"Architectura"},"content":{"rendered":"<p><div class=\"fusion-fullwidth fullwidth-box fusion-builder-row-1 fusion-flex-container has-pattern-background has-mask-background nonhundred-percent-fullwidth non-hundred-percent-height-scrolling\" style=\"--awb-border-radius-top-left:0px;--awb-border-radius-top-right:0px;--awb-border-radius-bottom-right:0px;--awb-border-radius-bottom-left:0px;--awb-flex-wrap:wrap;\" ><div class=\"fusion-builder-row fusion-row fusion-flex-align-items-flex-start fusion-flex-content-wrap\" style=\"max-width:1248px;margin-left: calc(-4% \/ 2 );margin-right: calc(-4% \/ 2 );\"><div class=\"fusion-layout-column fusion_builder_column fusion-builder-column-0 fusion_builder_column_1_1 1_1 fusion-flex-column\" style=\"--awb-bg-size:cover;--awb-width-large:100%;--awb-margin-top-large:0px;--awb-spacing-right-large:1.92%;--awb-margin-bottom-large:20px;--awb-spacing-left-large:1.92%;--awb-width-medium:100%;--awb-order-medium:0;--awb-spacing-right-medium:1.92%;--awb-spacing-left-medium:1.92%;--awb-width-small:100%;--awb-order-small:0;--awb-spacing-right-small:1.92%;--awb-spacing-left-small:1.92%;\"><div class=\"fusion-column-wrapper fusion-column-has-shadow fusion-flex-justify-content-flex-start fusion-content-layout-column\"><div class=\"fusion-title title fusion-title-1 fusion-sep-none fusion-title-text fusion-title-size-three\"><h3 class=\"fusion-title-heading title-heading-left\" style=\"margin:0;\">Guids d&#8217;architectura tras la Casa Carigiet<\/h3><\/div><\/div><\/div><\/div><\/div><div class=\"fusion-fullwidth fullwidth-box fusion-builder-row-2 fusion-flex-container has-pattern-background has-mask-background nonhundred-percent-fullwidth non-hundred-percent-height-scrolling\" style=\"--awb-border-radius-top-left:0px;--awb-border-radius-top-right:0px;--awb-border-radius-bottom-right:0px;--awb-border-radius-bottom-left:0px;--awb-flex-wrap:wrap;\" ><div class=\"fusion-builder-row fusion-row fusion-flex-align-items-flex-start fusion-flex-content-wrap\" style=\"max-width:1248px;margin-left: calc(-4% \/ 2 );margin-right: calc(-4% \/ 2 );\"><div class=\"fusion-layout-column fusion_builder_column fusion-builder-column-1 fusion_builder_column_1_1 1_1 fusion-flex-column\" style=\"--awb-bg-size:cover;--awb-width-large:100%;--awb-margin-top-large:0px;--awb-spacing-right-large:1.92%;--awb-margin-bottom-large:20px;--awb-spacing-left-large:1.92%;--awb-width-medium:100%;--awb-order-medium:0;--awb-spacing-right-medium:1.92%;--awb-spacing-left-medium:1.92%;--awb-width-small:100%;--awb-order-small:0;--awb-spacing-right-small:1.92%;--awb-spacing-left-small:1.92%;\"><div class=\"fusion-column-wrapper fusion-column-has-shadow fusion-flex-justify-content-flex-start fusion-content-layout-column\"><div class=\"fusion-text fusion-text-1\">\n<div class=\"wpcf7 no-js\" id=\"wpcf7-f9576-o1\" lang=\"de-DE\" dir=\"ltr\" data-wpcf7-id=\"9576\">\n<div class=\"screen-reader-response\"><p role=\"status\" aria-live=\"polite\" aria-atomic=\"true\"><\/p> <ul><\/ul><\/div>\n<form action=\"\/rm\/wp-json\/wp\/v2\/pages\/9364#wpcf7-f9576-o1\" method=\"post\" class=\"wpcf7-form init\" aria-label=\"Contact form\" novalidate=\"novalidate\" data-status=\"init\">\n<fieldset class=\"hidden-fields-container\"><input type=\"hidden\" name=\"_wpcf7\" value=\"9576\" \/><input type=\"hidden\" name=\"_wpcf7_version\" value=\"6.1\" \/><input type=\"hidden\" name=\"_wpcf7_locale\" value=\"de_DE\" \/><input type=\"hidden\" name=\"_wpcf7_unit_tag\" value=\"wpcf7-f9576-o1\" \/><input type=\"hidden\" name=\"_wpcf7_container_post\" value=\"0\" \/><input type=\"hidden\" name=\"_wpcf7_posted_data_hash\" value=\"\" \/><input type=\"hidden\" name=\"_wpcf7cf_hidden_group_fields\" value=\"[]\" \/><input type=\"hidden\" name=\"_wpcf7cf_hidden_groups\" value=\"[]\" \/><input type=\"hidden\" name=\"_wpcf7cf_visible_groups\" value=\"[]\" \/><input type=\"hidden\" name=\"_wpcf7cf_repeaters\" value=\"[]\" \/><input type=\"hidden\" name=\"_wpcf7cf_steps\" value=\"{}\" \/><input type=\"hidden\" name=\"_wpcf7cf_options\" value=\"{&quot;form_id&quot;:9576,&quot;conditions&quot;:[{&quot;then_field&quot;:&quot;cf-architektur-opt1&quot;,&quot;and_rules&quot;:[{&quot;if_field&quot;:&quot;architektur-opt1&quot;,&quot;operator&quot;:&quot;not empty&quot;,&quot;if_value&quot;:&quot;&quot;}]},{&quot;then_field&quot;:&quot;cf-architektur-opt2&quot;,&quot;and_rules&quot;:[{&quot;if_field&quot;:&quot;architektur-opt2&quot;,&quot;operator&quot;:&quot;not empty&quot;,&quot;if_value&quot;:&quot;&quot;}]},{&quot;then_field&quot;:&quot;cf-architektur-opt3&quot;,&quot;and_rules&quot;:[{&quot;if_field&quot;:&quot;architektur-opt3&quot;,&quot;operator&quot;:&quot;not empty&quot;,&quot;if_value&quot;:&quot;&quot;}]},{&quot;then_field&quot;:&quot;cf-architektur-opt4&quot;,&quot;and_rules&quot;:[{&quot;if_field&quot;:&quot;architektur-opt4&quot;,&quot;operator&quot;:&quot;not empty&quot;,&quot;if_value&quot;:&quot;&quot;}]},{&quot;then_field&quot;:&quot;cf-Persons-empty&quot;,&quot;and_rules&quot;:[{&quot;if_field&quot;:&quot;architektur-opt1&quot;,&quot;operator&quot;:&quot;not empty&quot;,&quot;if_value&quot;:&quot;&quot;},{&quot;if_field&quot;:&quot;architektur-opt1-persons&quot;,&quot;operator&quot;:&quot;is empty&quot;,&quot;if_value&quot;:&quot;&quot;}]},{&quot;then_field&quot;:&quot;cf-Persons-empty&quot;,&quot;and_rules&quot;:[{&quot;if_field&quot;:&quot;architektur-opt2&quot;,&quot;operator&quot;:&quot;not empty&quot;,&quot;if_value&quot;:&quot;&quot;},{&quot;if_field&quot;:&quot;architektur-opt2-persons&quot;,&quot;operator&quot;:&quot;is empty&quot;,&quot;if_value&quot;:&quot;&quot;}]},{&quot;then_field&quot;:&quot;cf-Persons-empty&quot;,&quot;and_rules&quot;:[{&quot;if_field&quot;:&quot;architektur-opt3&quot;,&quot;operator&quot;:&quot;not empty&quot;,&quot;if_value&quot;:&quot;&quot;},{&quot;if_field&quot;:&quot;architektur-opt3-persons&quot;,&quot;operator&quot;:&quot;is empty&quot;,&quot;if_value&quot;:&quot;&quot;}]},{&quot;then_field&quot;:&quot;cf-Persons-empty&quot;,&quot;and_rules&quot;:[{&quot;if_field&quot;:&quot;architektur-opt4&quot;,&quot;operator&quot;:&quot;not empty&quot;,&quot;if_value&quot;:&quot;&quot;},{&quot;if_field&quot;:&quot;architektur-opt4-persons&quot;,&quot;operator&quot;:&quot;is empty&quot;,&quot;if_value&quot;:&quot;1&quot;}]},{&quot;then_field&quot;:&quot;cf-Opts-empty&quot;,&quot;and_rules&quot;:[{&quot;if_field&quot;:&quot;architektur-opt1&quot;,&quot;operator&quot;:&quot;is empty&quot;,&quot;if_value&quot;:&quot;&quot;},{&quot;if_field&quot;:&quot;architektur-opt2&quot;,&quot;operator&quot;:&quot;is empty&quot;,&quot;if_value&quot;:&quot;&quot;},{&quot;if_field&quot;:&quot;architektur-opt3&quot;,&quot;operator&quot;:&quot;is empty&quot;,&quot;if_value&quot;:&quot;&quot;},{&quot;if_field&quot;:&quot;architektur-opt4&quot;,&quot;operator&quot;:&quot;is empty&quot;,&quot;if_value&quot;:&quot;&quot;},{&quot;if_field&quot;:&quot;first-name&quot;,&quot;operator&quot;:&quot;not empty&quot;,&quot;if_value&quot;:&quot;&quot;}]},{&quot;then_field&quot;:&quot;cf-Opts-empty&quot;,&quot;and_rules&quot;:[{&quot;if_field&quot;:&quot;architektur-opt1&quot;,&quot;operator&quot;:&quot;is empty&quot;,&quot;if_value&quot;:&quot;&quot;},{&quot;if_field&quot;:&quot;architektur-opt2&quot;,&quot;operator&quot;:&quot;is empty&quot;,&quot;if_value&quot;:&quot;&quot;},{&quot;if_field&quot;:&quot;architektur-opt3&quot;,&quot;operator&quot;:&quot;is empty&quot;,&quot;if_value&quot;:&quot;&quot;},{&quot;if_field&quot;:&quot;architektur-opt4&quot;,&quot;operator&quot;:&quot;is empty&quot;,&quot;if_value&quot;:&quot;&quot;},{&quot;if_field&quot;:&quot;u-email&quot;,&quot;operator&quot;:&quot;not empty&quot;,&quot;if_value&quot;:&quot;&quot;}]},{&quot;then_field&quot;:&quot;cf-Opts-empty&quot;,&quot;and_rules&quot;:[{&quot;if_field&quot;:&quot;architektur-opt1&quot;,&quot;operator&quot;:&quot;is empty&quot;,&quot;if_value&quot;:&quot;&quot;},{&quot;if_field&quot;:&quot;architektur-opt2&quot;,&quot;operator&quot;:&quot;is empty&quot;,&quot;if_value&quot;:&quot;&quot;},{&quot;if_field&quot;:&quot;architektur-opt3&quot;,&quot;operator&quot;:&quot;is empty&quot;,&quot;if_value&quot;:&quot;&quot;},{&quot;if_field&quot;:&quot;architektur-opt4&quot;,&quot;operator&quot;:&quot;is empty&quot;,&quot;if_value&quot;:&quot;&quot;},{&quot;if_field&quot;:&quot;acceptance-architektur&quot;,&quot;operator&quot;:&quot;not empty&quot;,&quot;if_value&quot;:&quot;&quot;}]}],&quot;settings&quot;:{&quot;animation&quot;:&quot;yes&quot;,&quot;animation_intime&quot;:200,&quot;animation_outtime&quot;:200,&quot;conditions_ui&quot;:&quot;normal&quot;,&quot;notice_dismissed&quot;:false}}\" \/><input type=\"hidden\" name=\"_wpcf7_recaptcha_response\" value=\"\" \/>\n<\/fieldset>\n<div style=\"margin-bottom: 5px;\">\n\t<p>Bitte melden Sie sich f\u00fcr die Architekturf\u00fchrung zu ihrem Wunschdatum an (mehrere Daten sind m\u00f6glich).\n\t<\/p>\n<\/div>\n<div class=\"box1 event-fields\" style=\"margin-bottom:10px;\">\n\t<div class=\"row\">\n\t\t<div class=\"col-lg-6 col-md-6 col-sm-12\">\n\t\t\t<p><span class=\"wpcf7-form-control-wrap\" data-name=\"architektur-opt1\"><span class=\"wpcf7-form-control wpcf7-checkbox\"><span class=\"wpcf7-list-item first last\"><input type=\"checkbox\" name=\"architektur-opt1[]\" value=\"Samstag, 9. August 2025, 14:30 - 16:00\" \/><span class=\"wpcf7-list-item-label\">Samstag, 9. August 2025, 14:30 - 16:00<\/span><\/span><\/span><\/span>\n\t\t\t<\/p>\n\t\t<\/div>\n\t\t<div class=\"col-lg-6 col-md-6 col-sm-12\">\n\t\t\t<div data-id=\"cf-architektur-opt1\" data-orig_data_id=\"cf-architektur-opt1\"  class=\"\" data-class=\"wpcf7cf_group\">\n\t\t\t\t<p><label>Anzahl Personen<\/label><span class=\"wpcf7-form-control-wrap\" data-name=\"architektur-opt1-persons\"><input class=\"wpcf7-form-control wpcf7-number wpcf7-validates-as-number\" min=\"1\" aria-invalid=\"false\" value=\"\" type=\"number\" name=\"architektur-opt1-persons\" \/><\/span>\n\t\t\t\t<\/p>\n\t\t\t<\/div>\n\t\t<\/div>\n\t<\/div>\n<\/div>\n<div class=\"box1 event-fields\" style=\"margin-bottom:10px;\">\n\t<div class=\"row\">\n\t\t<div class=\"col-lg-6 col-md-6 col-sm-12\">\n\t\t\t<p><span class=\"wpcf7-form-control-wrap\" data-name=\"architektur-opt2\"><span class=\"wpcf7-form-control wpcf7-checkbox\"><span class=\"wpcf7-list-item first last\"><input type=\"checkbox\" name=\"architektur-opt2[]\" value=\"Sonntag, 17. August 2025, 14:30 - 16:00\" \/><span class=\"wpcf7-list-item-label\">Sonntag, 17. August 2025, 14:30 - 16:00<\/span><\/span><\/span><\/span>\n\t\t\t<\/p>\n\t\t<\/div>\n\t\t<div class=\"col-lg-6 col-md-6 col-sm-12\">\n\t\t\t<div data-id=\"cf-architektur-opt2\" data-orig_data_id=\"cf-architektur-opt2\"  class=\"\" data-class=\"wpcf7cf_group\">\n\t\t\t\t<p><label>Anzahl Personen<\/label><span class=\"wpcf7-form-control-wrap\" data-name=\"architektur-opt2-persons\"><input class=\"wpcf7-form-control wpcf7-number wpcf7-validates-as-number\" min=\"1\" aria-invalid=\"false\" value=\"\" type=\"number\" name=\"architektur-opt2-persons\" \/><\/span>\n\t\t\t\t<\/p>\n\t\t\t<\/div>\n\t\t<\/div>\n\t<\/div>\n<\/div>\n<div class=\"box1 event-fields\" style=\"margin-bottom:10px;\">\n\t<div class=\"row\">\n\t\t<div class=\"col-lg-6 col-md-6 col-sm-12\">\n\t\t\t<p><span class=\"wpcf7-form-control-wrap\" data-name=\"architektur-opt3\"><span class=\"wpcf7-form-control wpcf7-checkbox\"><span class=\"wpcf7-list-item first last\"><input type=\"checkbox\" name=\"architektur-opt3[]\" value=\"Samstag, 23. August 2025, 14:30 - 16:00\" \/><span class=\"wpcf7-list-item-label\">Samstag, 23. August 2025, 14:30 - 16:00<\/span><\/span><\/span><\/span>\n\t\t\t<\/p>\n\t\t<\/div>\n\t\t<div class=\"col-lg-6 col-md-6 col-sm-12\">\n\t\t\t<div data-id=\"cf-architektur-opt3\" data-orig_data_id=\"cf-architektur-opt3\"  class=\"\" data-class=\"wpcf7cf_group\">\n\t\t\t\t<p><label>Anzahl Personen<\/label><span class=\"wpcf7-form-control-wrap\" data-name=\"architektur-opt3-persons\"><input class=\"wpcf7-form-control wpcf7-number wpcf7-validates-as-number\" min=\"1\" aria-invalid=\"false\" value=\"\" type=\"number\" name=\"architektur-opt3-persons\" \/><\/span>\n\t\t\t\t<\/p>\n\t\t\t<\/div>\n\t\t<\/div>\n\t<\/div>\n<\/div>\n<div class=\"box1 event-fields\" style=\"margin-bottom:20px;\">\n\t<div class=\"row\">\n\t\t<div class=\"col-lg-6 col-md-6 col-sm-12\">\n\t\t\t<p><span class=\"wpcf7-form-control-wrap\" data-name=\"architektur-opt4\"><span class=\"wpcf7-form-control wpcf7-checkbox\"><span class=\"wpcf7-list-item first last\"><input type=\"checkbox\" name=\"architektur-opt4[]\" value=\"Samstag, 27. September 2025, 15:30 - 17:00\" \/><span class=\"wpcf7-list-item-label\">Samstag, 27. September 2025, 15:30 - 17:00<\/span><\/span><\/span><\/span>\n\t\t\t<\/p>\n\t\t<\/div>\n\t\t<div class=\"col-lg-6 col-md-6 col-sm-12\">\n\t\t\t<div data-id=\"cf-architektur-opt4\" data-orig_data_id=\"cf-architektur-opt4\"  class=\"\" data-class=\"wpcf7cf_group\">\n\t\t\t\t<p><label>Anzahl Personen<\/label><span class=\"wpcf7-form-control-wrap\" data-name=\"architektur-opt4-persons\"><input class=\"wpcf7-form-control wpcf7-number wpcf7-validates-as-number\" min=\"1\" aria-invalid=\"false\" value=\"\" type=\"number\" name=\"architektur-opt4-persons\" \/><\/span>\n\t\t\t\t<\/p>\n\t\t\t<\/div>\n\t\t<\/div>\n\t<\/div>\n<\/div>\n<div data-id=\"cf-Opts-empty\" data-orig_data_id=\"cf-Opts-empty\"  class=\"\" data-class=\"wpcf7cf_group\">\n\t<div id=\"checkboxOptsEmpty\" class=\"wpcf7-not-valid-tip\" style=\"margin-bottom: 20px;\" tabindex=\"0\">\n\t\t<p>Bitte w\u00e4hlen Sie mindestens ein Darum\n\t\t<\/p>\n\t<\/div>\n<\/div>\n<div data-id=\"cf-Persons-empty\" data-orig_data_id=\"cf-Persons-empty\"  class=\"\" data-class=\"wpcf7cf_group\">\n\t<div id=\"OptPersonsEmpty\" class=\"wpcf7-not-valid-tip\" style=\"margin-bottom: 20px;\" tabindex=\"1\">\n\t\t<p>Bitte tragen Sie die Anzahl Teilnehmende ein.\n\t\t<\/p>\n\t<\/div>\n<\/div>\n<div class=\"fusion-columns fusion-clearfix\" style=\"margin-bottom: 20px;\">\n\t<div class=\"col-lg-6 col-md-6 col-sm-12\">\n\t\t<p>Vorname *<br \/>\n<span class=\"wpcf7-form-control-wrap\" data-name=\"first-name\"><input size=\"40\" maxlength=\"400\" class=\"wpcf7-form-control wpcf7-text wpcf7-validates-as-required\" aria-required=\"true\" aria-invalid=\"false\" value=\"\" type=\"text\" name=\"first-name\" \/><\/span>\n\t\t<\/p>\n\t<\/div>\n\t<div class=\"col-lg-6 col-md-6 col-sm-12\">\n\t\t<p>Name *<br \/>\n<span class=\"wpcf7-form-control-wrap\" data-name=\"last-name\"><input size=\"40\" maxlength=\"400\" class=\"wpcf7-form-control wpcf7-text wpcf7-validates-as-required\" aria-required=\"true\" aria-invalid=\"false\" value=\"\" type=\"text\" name=\"last-name\" \/><\/span>\n\t\t<\/p>\n\t<\/div>\n<\/div>\n<div class=\"fusion-columns fusion-clearfix\" style=\"margin-bottom: 20px;\">\n\t<div class=\"col-lg-6 col-md-6 col-sm-12\">\n\t\t<p>Firma\/Organisation<br \/>\n<span class=\"wpcf7-form-control-wrap\" data-name=\"firma\"><input size=\"40\" maxlength=\"400\" class=\"wpcf7-form-control wpcf7-text\" aria-invalid=\"false\" value=\"\" type=\"text\" name=\"firma\" \/><\/span>\n\t\t<\/p>\n\t<\/div>\n\t<div class=\"col-lg-6 col-md-6 col-sm-12\">\n\t\t<p>Adresse *<br \/>\n<span class=\"wpcf7-form-control-wrap\" data-name=\"adresse\"><input size=\"40\" maxlength=\"400\" class=\"wpcf7-form-control wpcf7-text wpcf7-validates-as-required\" aria-required=\"true\" aria-invalid=\"false\" value=\"\" type=\"text\" name=\"adresse\" \/><\/span>\n\t\t<\/p>\n\t<\/div>\n<\/div>\n<div class=\"fusion-columns fusion-clearfix\" style=\"margin-bottom: 20px;\">\n\t<div class=\"col-lg-6 col-md-6 col-sm-12\">\n\t\t<p>PLZ *<br \/>\n<span class=\"wpcf7-form-control-wrap\" data-name=\"plz\"><input size=\"40\" maxlength=\"400\" class=\"wpcf7-form-control wpcf7-text wpcf7-validates-as-required\" aria-required=\"true\" aria-invalid=\"false\" value=\"\" type=\"text\" name=\"plz\" \/><\/span>\n\t\t<\/p>\n\t<\/div>\n\t<div class=\"col-lg-6 col-md-6 col-sm-12\">\n\t\t<p>Ort *<br \/>\n<span class=\"wpcf7-form-control-wrap\" data-name=\"ort\"><input size=\"40\" maxlength=\"400\" class=\"wpcf7-form-control wpcf7-text wpcf7-validates-as-required\" aria-required=\"true\" aria-invalid=\"false\" value=\"\" type=\"text\" name=\"ort\" \/><\/span>\n\t\t<\/p>\n\t<\/div>\n<\/div>\n<div class=\"fusion-columns fusion-clearfix\" style=\"margin-bottom: 20px;\">\n\t<div class=\"col-lg-6 col-md-6 col-sm-12\">\n\t\t<p>E-Mail *<br \/>\n<span class=\"wpcf7-form-control-wrap\" data-name=\"u-email\"><input size=\"40\" maxlength=\"400\" class=\"wpcf7-form-control wpcf7-email wpcf7-validates-as-required wpcf7-text wpcf7-validates-as-email\" aria-required=\"true\" aria-invalid=\"false\" value=\"\" type=\"email\" name=\"u-email\" \/><\/span>\n\t\t<\/p>\n\t<\/div>\n\t<div class=\"col-lg-6 col-md-6 col-sm-12\">\n\t\t<p>Telefon<br \/>\n<span class=\"wpcf7-form-control-wrap\" data-name=\"phone-number\"><input size=\"40\" maxlength=\"400\" class=\"wpcf7-form-control wpcf7-text\" aria-invalid=\"false\" value=\"\" type=\"text\" name=\"phone-number\" \/><\/span>\n\t\t<\/p>\n\t<\/div>\n<\/div>\n<div class=\"fusion-columns fusion-clearfix\" style=\"margin-bottom: 20px;\">\n\t<div class=\"col-lg-6 col-md-6 col-sm-12\">\n\t\t<p>Mitteilung<br \/>\n<span class=\"wpcf7-form-control-wrap\" data-name=\"mitteilung\"><textarea cols=\"40\" rows=\"10\" maxlength=\"2000\" class=\"wpcf7-form-control wpcf7-textarea\" aria-invalid=\"false\" name=\"mitteilung\"><\/textarea><\/span>\n\t\t<\/p>\n\t<\/div>\n\t<div class=\"col-lg-6 col-md-6 col-sm-12\">\n\t<\/div>\n<\/div>\n<p><span class=\"wpcf7-form-control-wrap\" data-name=\"acceptance-architektur\"><span class=\"wpcf7-form-control wpcf7-acceptance\"><span class=\"wpcf7-list-item\"><label><input type=\"checkbox\" name=\"acceptance-architektur\" value=\"1\" aria-invalid=\"false\" \/><span class=\"wpcf7-list-item-label\">Ich habe die Datenschutzerkl\u00e4rung gelesen und stimme ihr zu..<\/span><\/label><\/span><\/span><\/span>\n<\/p>\n<p><input class=\"wpcf7-form-control wpcf7-submit has-spinner submit-button\" type=\"submit\" value=\"anmelden\" \/>\n<\/p>\n<style>\n.box1 {background: #f4f4f4; padding:10px;}\n.event-fields input[type=checkbox]{scale:1.5;}\n.event-fields p{margin-bottom:0;}\n.event-fields label{display:inline-block; min-width: 150px; padding-right: 10px;padding-left: 25px;}\n.event-fields .wpcf7-number{max-width: 62px;padding: 6px 8px;height: 34px;}\n<\/style>\n<p><script>\ndocument.addEventListener('DOMContentLoaded', function() {\n const messageDiv1 = document.getElementById('checkboxOptsEmpty');\n const messageDiv2 = document.getElementById('OptPersonsEmpty');\n const submitBtn = document.querySelector('.wpcf7-submit');\n\n const architekturCheckboxes = [\n document.querySelector('input[name=\"architektur-opt1[]\"]'),\n document.querySelector('input[name=\"architektur-opt2[]\"]'),\n document.querySelector('input[name=\"architektur-opt3[]\"]'),\n document.querySelector('input[name=\"architektur-opt4[]\"]')\n ]; \n\n const personsInputs = [\n document.querySelector('input[name=\"architektur-opt1-persons\"]'),\n document.querySelector('input[name=\"architektur-opt2-persons\"]'),\n document.querySelector('input[name=\"architektur-opt3-persons\"]'),\n document.querySelector('input[name=\"architektur-opt4-persons\"]')\n ]; \n \n function updateSubmitButtonState() {\n let checkboxesFlag = false;\n let personsFlag = false;\n\n for (let i = 0; i < architekturCheckboxes.length; i++) {\n if (architekturCheckboxes[i].checked) { \n checkboxesFlag = true;\n } \n } \n\n for (let i = 0; i < architekturCheckboxes.length; i++) {\n if (architekturCheckboxes[i].checked) {\n const personsValue = personsInputs[i].value;\n if (!personsValue || personsValue < 1) {\n submitBtn.disabled = true;\n messageDiv2.focus();\n return;\n } \n } \n } \n \n if (!checkboxesFlag) {\n submitBtn.disabled = true;\n messageDiv1.focus(); \n return;\n }\n\n submitBtn.disabled = false; \n }\n\n submitBtn.addEventListener('click', function() {\n updateSubmitButtonState();\n });\n\n });\n<\/script>\n<\/p><p style=\"display: none !important;\" class=\"akismet-fields-container\" data-prefix=\"_wpcf7_ak_\"><label>&#916;<textarea name=\"_wpcf7_ak_hp_textarea\" cols=\"45\" rows=\"8\" maxlength=\"100\"><\/textarea><\/label><input type=\"hidden\" id=\"ak_js_1\" name=\"_wpcf7_ak_js\" value=\"215\"\/><script>document.getElementById( \"ak_js_1\" ).setAttribute( \"value\", ( new Date() ).getTime() );<\/script><\/p><div class=\"fusion-alert alert custom alert-custom fusion-alert-center wpcf7-response-output awb-alert-native-link-color alert-dismissable awb-alert-close-boxed\" style=\"--awb-border-size:1px;--awb-border-top-left-radius:0px;--awb-border-top-right-radius:0px;--awb-border-bottom-left-radius:0px;--awb-border-bottom-right-radius:0px;\" role=\"alert\"><div class=\"fusion-alert-content-wrapper\"><span class=\"fusion-alert-content\"><\/span><\/div><button type=\"button\" class=\"close toggle-alert\" data-dismiss=\"alert\" aria-label=\"Close\">&times;<\/button><\/div>\n<\/form>\n<\/div>\n\n<\/div><\/div><\/div><\/div><\/div><\/p>\n","protected":false},"excerpt":{"rendered":"","protected":false},"author":9,"featured_media":0,"parent":0,"menu_order":0,"comment_status":"closed","ping_status":"closed","template":"100-width.php","meta":{"footnotes":""},"class_list":["post-9364","page","type-page","status-publish","hentry"],"_links":{"self":[{"href":"https:\/\/trun-cultura.ch\/rm\/wp-json\/wp\/v2\/pages\/9364","targetHints":{"allow":["GET"]}}],"collection":[{"href":"https:\/\/trun-cultura.ch\/rm\/wp-json\/wp\/v2\/pages"}],"about":[{"href":"https:\/\/trun-cultura.ch\/rm\/wp-json\/wp\/v2\/types\/page"}],"author":[{"embeddable":true,"href":"https:\/\/trun-cultura.ch\/rm\/wp-json\/wp\/v2\/users\/9"}],"replies":[{"embeddable":true,"href":"https:\/\/trun-cultura.ch\/rm\/wp-json\/wp\/v2\/comments?post=9364"}],"version-history":[{"count":5,"href":"https:\/\/trun-cultura.ch\/rm\/wp-json\/wp\/v2\/pages\/9364\/revisions"}],"predecessor-version":[{"id":10131,"href":"https:\/\/trun-cultura.ch\/rm\/wp-json\/wp\/v2\/pages\/9364\/revisions\/10131"}],"wp:attachment":[{"href":"https:\/\/trun-cultura.ch\/rm\/wp-json\/wp\/v2\/media?parent=9364"}],"curies":[{"name":"wp","href":"https:\/\/api.w.org\/{rel}","templated":true}]}}