{"id":2336,"date":"2024-01-22T14:57:33","date_gmt":"2024-01-22T13:57:33","guid":{"rendered":"https:\/\/trun-cultura.ch\/casas-e-loghens\/casa-desax\/"},"modified":"2024-11-12T14:39:20","modified_gmt":"2024-11-12T13:39:20","slug":"casadesax","status":"publish","type":"page","link":"https:\/\/trun-cultura.ch\/rm\/casadesax\/","title":{"rendered":"Casa Desax"},"content":{"rendered":"<p><div class=\"fusion-fullwidth fullwidth-box fusion-builder-row-1 fusion-flex-container has-pattern-background has-mask-background nonhundred-percent-fullwidth non-hundred-percent-height-scrolling\" style=\"--awb-border-radius-top-left:0px;--awb-border-radius-top-right:0px;--awb-border-radius-bottom-right:0px;--awb-border-radius-bottom-left:0px;--awb-flex-wrap:wrap;\" ><div class=\"fusion-builder-row fusion-row fusion-flex-align-items-flex-start fusion-flex-content-wrap\" style=\"max-width:1248px;margin-left: calc(-4% \/ 2 );margin-right: calc(-4% \/ 2 );\"><div class=\"fusion-layout-column fusion_builder_column fusion-builder-column-0 fusion_builder_column_1_1 1_1 fusion-flex-column\" style=\"--awb-bg-size:cover;--awb-width-large:100%;--awb-margin-top-large:0px;--awb-spacing-right-large:1.92%;--awb-margin-bottom-large:20px;--awb-spacing-left-large:1.92%;--awb-width-medium:100%;--awb-order-medium:0;--awb-spacing-right-medium:1.92%;--awb-spacing-left-medium:1.92%;--awb-width-small:100%;--awb-order-small:0;--awb-spacing-right-small:1.92%;--awb-spacing-left-small:1.92%;\"><div class=\"fusion-column-wrapper fusion-column-has-shadow fusion-flex-justify-content-flex-start fusion-content-layout-column\"><div class=\"fusion-title title fusion-title-1 fusion-sep-none fusion-title-text fusion-title-size-two\"><h2 class=\"fusion-title-heading title-heading-left\" style=\"margin:0;\">Casa Desax<\/h2><\/div><\/div><\/div><\/div><\/div><div class=\"fusion-fullwidth fullwidth-box fusion-builder-row-2 fusion-flex-container has-pattern-background has-mask-background nonhundred-percent-fullwidth non-hundred-percent-height-scrolling\" style=\"--awb-border-radius-top-left:0px;--awb-border-radius-top-right:0px;--awb-border-radius-bottom-right:0px;--awb-border-radius-bottom-left:0px;--awb-flex-wrap:wrap;\" ><div class=\"fusion-builder-row fusion-row fusion-flex-align-items-flex-start fusion-flex-content-wrap\" style=\"max-width:1248px;margin-left: calc(-4% \/ 2 );margin-right: calc(-4% \/ 2 );\"><div class=\"fusion-layout-column fusion_builder_column fusion-builder-column-1 fusion_builder_column_1_2 1_2 fusion-flex-column\" style=\"--awb-bg-size:cover;--awb-width-large:50%;--awb-margin-top-large:0px;--awb-spacing-right-large:0%;--awb-margin-bottom-large:20px;--awb-spacing-left-large:3.84%;--awb-width-medium:50%;--awb-order-medium:0;--awb-spacing-right-medium:0%;--awb-spacing-left-medium:3.84%;--awb-width-small:100%;--awb-order-small:0;--awb-spacing-right-small:1.92%;--awb-spacing-left-small:1.92%;\"><div class=\"fusion-column-wrapper fusion-column-has-shadow fusion-flex-justify-content-flex-start fusion-content-layout-column\"><div class=\"fusion-image-element \" style=\"--awb-caption-title-font-family:var(--h2_typography-font-family);--awb-caption-title-font-weight:var(--h2_typography-font-weight);--awb-caption-title-font-style:var(--h2_typography-font-style);--awb-caption-title-size:var(--h2_typography-font-size);--awb-caption-title-transform:var(--h2_typography-text-transform);--awb-caption-title-line-height:var(--h2_typography-line-height);--awb-caption-title-letter-spacing:var(--h2_typography-letter-spacing);\"><span class=\" fusion-imageframe imageframe-none imageframe-1 hover-type-none\"><img decoding=\"async\" width=\"601\" height=\"391\" title=\"CASA DESAX\" src=\"https:\/\/trun-cultura.ch\/wp-content\/uploads\/2024\/01\/CASA-DESAX.jpg\" alt class=\"img-responsive wp-image-290\" srcset=\"https:\/\/trun-cultura.ch\/wp-content\/uploads\/2024\/01\/CASA-DESAX-200x130.jpg 200w, https:\/\/trun-cultura.ch\/wp-content\/uploads\/2024\/01\/CASA-DESAX-400x260.jpg 400w, https:\/\/trun-cultura.ch\/wp-content\/uploads\/2024\/01\/CASA-DESAX.jpg 601w\" sizes=\"(max-width: 575px) 100vw, 601px\" \/><\/span><\/div><\/div><\/div><div class=\"fusion-layout-column fusion_builder_column fusion-builder-column-2 fusion_builder_column_1_2 1_2 fusion-flex-column\" style=\"--awb-padding-left-small:0px;--awb-bg-color:var(--awb-color1);--awb-bg-color-hover:var(--awb-color1);--awb-bg-size:cover;--awb-width-large:50%;--awb-margin-top-large:0px;--awb-spacing-right-large:3.84%;--awb-margin-bottom-large:20px;--awb-spacing-left-large:3.84%;--awb-width-medium:50%;--awb-order-medium:0;--awb-spacing-right-medium:3.84%;--awb-spacing-left-medium:3.84%;--awb-width-small:100%;--awb-order-small:0;--awb-spacing-right-small:1.92%;--awb-spacing-left-small:1.92%;\"><div class=\"fusion-column-wrapper fusion-column-has-shadow fusion-flex-justify-content-flex-start fusion-content-layout-column\"><div class=\"fusion-title title fusion-title-2 fusion-sep-none fusion-title-text fusion-title-size-four\"><h4 class=\"fusion-title-heading title-heading-left\" style=\"margin:0;\">Restauraziun dil baghetg rococo e diever sco casa da litteratura e hotel<\/h4><\/div><div class=\"fusion-text fusion-text-1\"><div class=\"cc-m-hgrid-column last\">\n<div id=\"cc-matrix-4023508634\">\n<div id=\"cc-m-14014925534\" class=\"j-module n j-text \">\n<p>La CASA hospitala DESAX duei cumpletar ed augmentar la purschida culturala da TRUN CULTURA optimalmein. Nus examinein pliras opziuns da diever, specialmein la mediaziun dalla litteratura romontscha, sco Caspar Decurtins, Hendri Spescha, Alfons Maissen ed auters, mo era da diever d&#8217;albiert e da residenza d&#8217;artists.<\/p>\n<\/div>\n<div id=\"cc-m-14023612134\" class=\"j-module n j-callToAction \"><\/div>\n<\/div>\n<\/div>\n<div class=\"cc-m-hgrid-overlay\" data-display=\"cms-only\"><\/div>\n<\/div><\/div><\/div><\/div><\/div><div class=\"fusion-fullwidth fullwidth-box fusion-builder-row-3 fusion-flex-container has-pattern-background has-mask-background mobilereverserow nonhundred-percent-fullwidth non-hundred-percent-height-scrolling\" style=\"--awb-border-radius-top-left:0px;--awb-border-radius-top-right:0px;--awb-border-radius-bottom-right:0px;--awb-border-radius-bottom-left:0px;--awb-padding-bottom:20px;--awb-flex-wrap:wrap;\" ><div class=\"fusion-builder-row fusion-row fusion-flex-align-items-flex-start fusion-flex-content-wrap\" style=\"max-width:1248px;margin-left: calc(-4% \/ 2 );margin-right: calc(-4% \/ 2 );\"><div class=\"fusion-layout-column fusion_builder_column fusion-builder-column-3 fusion_builder_column_1_2 1_2 fusion-flex-column\" style=\"--awb-padding-left-small:0px;--awb-bg-color:var(--awb-color1);--awb-bg-color-hover:var(--awb-color1);--awb-bg-size:cover;--awb-width-large:50%;--awb-margin-top-large:0px;--awb-spacing-right-large:3.84%;--awb-margin-bottom-large:20px;--awb-spacing-left-large:3.84%;--awb-width-medium:50%;--awb-order-medium:0;--awb-spacing-right-medium:3.84%;--awb-spacing-left-medium:3.84%;--awb-width-small:100%;--awb-order-small:0;--awb-spacing-right-small:1.92%;--awb-spacing-left-small:1.92%;\"><div class=\"fusion-column-wrapper fusion-column-has-shadow fusion-flex-justify-content-flex-start fusion-content-layout-column\"><div class=\"fusion-title title fusion-title-3 fusion-sep-none fusion-title-text fusion-title-size-four\"><h4 class=\"fusion-title-heading title-heading-left\" style=\"margin:0;\">Ord il rapport dalla tgira da monuments GR<\/h4><\/div><div class=\"fusion-text fusion-text-2\"><div class=\"cc-m-hgrid-column last\">\n<div id=\"cc-matrix-4023508634\">\n<div id=\"cc-m-14014925534\" class=\"j-module n j-text \">\n<p><em>\u00abLa casa dalla famiglia Caprez ch&#8217;ei d&#8217;impurtonza per Trun ei schibein ord vesta historica, architectonica dil liug sco era ord architectura d&#8217;art dad eminenta muntada regiunala. Sia structura e l&#8217;extraordinaria e bein mantenida substanza dil baghetg procura ch&#8217;ella sauda tier in monument d&#8217;aulta cultura da habitar el Grischun. Segns caracteristics (tetg da mansarda, lingiadas, decoraziuns dil roccoco) fan attents alla historia dil construider che ha surviu da mercenari en Frontscha. La bein veseivla renovaziun dils onns 1900 entras Sepp Fidel Desay demuossan aulta qualitad (fatschadas, finiastras). Sereferend sin il historismus che vegneva praticaus en epocas da pli baul, harmoniseschan quels elements cun la substanza oriunda.<\/em><\/p>\n<\/div>\n<p><a href=\"https:\/\/trun-cultura.ch\/wp-content\/uploads\/2024\/04\/inventarblatt_trun_103103-a1.pdf\">Il rapport dalla tgira da monument<\/a><\/p>\n<\/div>\n<\/div>\n<div class=\"cc-m-hgrid-overlay\" data-display=\"cms-only\"><\/div>\n<\/div><\/div><\/div><div class=\"fusion-layout-column fusion_builder_column fusion-builder-column-4 fusion_builder_column_1_2 1_2 fusion-flex-column\" style=\"--awb-bg-size:cover;--awb-width-large:50%;--awb-margin-top-large:0px;--awb-spacing-right-large:0%;--awb-margin-bottom-large:0px;--awb-spacing-left-large:3.84%;--awb-width-medium:50%;--awb-order-medium:0;--awb-spacing-right-medium:0%;--awb-spacing-left-medium:3.84%;--awb-width-small:100%;--awb-order-small:0;--awb-spacing-right-small:1.92%;--awb-spacing-left-small:1.92%;\"><div class=\"fusion-column-wrapper fusion-column-has-shadow fusion-flex-justify-content-flex-start fusion-content-layout-column\"><div class=\"fusion-image-carousel fusion-image-carousel-auto fusion-image-carousel-1 fusion-carousel-border\"><div class=\"awb-carousel awb-swiper awb-swiper-carousel\" data-autoplay=\"yes\" data-columns=\"1\" data-itemmargin=\"0\" data-itemwidth=\"180\" data-touchscroll=\"no\" data-imagesize=\"auto\" style=\"--awb-columns:1;--awb-column-spacing:0px;\"><div class=\"swiper-wrapper awb-image-carousel-wrapper fusion-flex-align-items-center\"><div class=\"swiper-slide\"><div class=\"fusion-carousel-item-wrapper\"><div class=\"fusion-image-wrapper hover-type-none\"><img decoding=\"async\" width=\"768\" height=\"576\" src=\"https:\/\/trun-cultura.ch\/wp-content\/uploads\/2024\/04\/img_1398-e1713712701913.webp\" class=\"attachment-full size-full\" alt=\"\" \/><\/div><\/div><\/div><div class=\"swiper-slide\"><div class=\"fusion-carousel-item-wrapper\"><div class=\"fusion-image-wrapper hover-type-none\"><img decoding=\"async\" width=\"2000\" height=\"1500\" src=\"https:\/\/trun-cultura.ch\/wp-content\/uploads\/2024\/04\/dsc_0164-e1713712535822.webp\" class=\"attachment-full size-full\" alt=\"\" \/><\/div><\/div><\/div><div class=\"swiper-slide\"><div class=\"fusion-carousel-item-wrapper\"><div class=\"fusion-image-wrapper hover-type-none\"><img decoding=\"async\" width=\"1000\" height=\"667\" src=\"https:\/\/trun-cultura.ch\/wp-content\/uploads\/2024\/04\/img_2377_web-e1713712799549.webp\" class=\"attachment-full size-full\" alt=\"\" \/><\/div><\/div><\/div><div class=\"swiper-slide\"><div class=\"fusion-carousel-item-wrapper\"><div class=\"fusion-image-wrapper hover-type-none\"><img decoding=\"async\" width=\"2000\" height=\"1333\" src=\"https:\/\/trun-cultura.ch\/wp-content\/uploads\/2024\/04\/Blog_casa_desax_05-e1713713167174.webp\" class=\"attachment-full size-full\" alt=\"\" \/><\/div><\/div><\/div><div class=\"swiper-slide\"><div class=\"fusion-carousel-item-wrapper\"><div class=\"fusion-image-wrapper hover-type-none\"><img decoding=\"async\" width=\"768\" height=\"576\" src=\"https:\/\/trun-cultura.ch\/wp-content\/uploads\/2024\/04\/Blog_casa_desax_04-e1713713346471.webp\" class=\"attachment-full size-full\" alt=\"\" \/><\/div><\/div><\/div><div class=\"swiper-slide\"><div class=\"fusion-carousel-item-wrapper\"><div class=\"fusion-image-wrapper hover-type-none\"><img decoding=\"async\" width=\"1200\" height=\"850\" src=\"https:\/\/trun-cultura.ch\/wp-content\/uploads\/2024\/04\/IMG_5468-Kopie.jpg\" class=\"attachment-full size-full\" alt=\"\" srcset=\"https:\/\/trun-cultura.ch\/wp-content\/uploads\/2024\/04\/IMG_5468-Kopie-200x142.jpg 200w, https:\/\/trun-cultura.ch\/wp-content\/uploads\/2024\/04\/IMG_5468-Kopie-300x213.jpg 300w, https:\/\/trun-cultura.ch\/wp-content\/uploads\/2024\/04\/IMG_5468-Kopie-400x283.jpg 400w, https:\/\/trun-cultura.ch\/wp-content\/uploads\/2024\/04\/IMG_5468-Kopie-600x425.jpg 600w, https:\/\/trun-cultura.ch\/wp-content\/uploads\/2024\/04\/IMG_5468-Kopie-768x544.jpg 768w, https:\/\/trun-cultura.ch\/wp-content\/uploads\/2024\/04\/IMG_5468-Kopie-800x567.jpg 800w, https:\/\/trun-cultura.ch\/wp-content\/uploads\/2024\/04\/IMG_5468-Kopie-1024x725.jpg 1024w, https:\/\/trun-cultura.ch\/wp-content\/uploads\/2024\/04\/IMG_5468-Kopie.jpg 1200w\" sizes=\"(max-width: 1200px) 100vw, 1200px\" \/><\/div><\/div><\/div><div class=\"swiper-slide\"><div class=\"fusion-carousel-item-wrapper\"><div class=\"fusion-image-wrapper hover-type-none\"><img decoding=\"async\" width=\"1200\" height=\"850\" src=\"https:\/\/trun-cultura.ch\/wp-content\/uploads\/2024\/04\/IMG_5470-Kopie.jpg\" class=\"attachment-full size-full\" alt=\"\" srcset=\"https:\/\/trun-cultura.ch\/wp-content\/uploads\/2024\/04\/IMG_5470-Kopie-200x142.jpg 200w, https:\/\/trun-cultura.ch\/wp-content\/uploads\/2024\/04\/IMG_5470-Kopie-300x213.jpg 300w, https:\/\/trun-cultura.ch\/wp-content\/uploads\/2024\/04\/IMG_5470-Kopie-400x283.jpg 400w, https:\/\/trun-cultura.ch\/wp-content\/uploads\/2024\/04\/IMG_5470-Kopie-600x425.jpg 600w, https:\/\/trun-cultura.ch\/wp-content\/uploads\/2024\/04\/IMG_5470-Kopie-768x544.jpg 768w, https:\/\/trun-cultura.ch\/wp-content\/uploads\/2024\/04\/IMG_5470-Kopie-800x567.jpg 800w, https:\/\/trun-cultura.ch\/wp-content\/uploads\/2024\/04\/IMG_5470-Kopie-1024x725.jpg 1024w, https:\/\/trun-cultura.ch\/wp-content\/uploads\/2024\/04\/IMG_5470-Kopie.jpg 1200w\" sizes=\"(max-width: 1200px) 100vw, 1200px\" \/><\/div><\/div><\/div><\/div><div class=\"awb-swiper-button awb-swiper-button-prev\"><i class=\"awb-icon-angle-left\" aria-hidden=\"true\"><\/i><\/div><div class=\"awb-swiper-button awb-swiper-button-next\"><i class=\"awb-icon-angle-right\" aria-hidden=\"true\"><\/i><\/div><\/div><\/div><\/div><\/div><\/div><\/div><div class=\"fusion-fullwidth fullwidth-box fusion-builder-row-4 fusion-flex-container has-pattern-background has-mask-background nonhundred-percent-fullwidth non-hundred-percent-height-scrolling\" style=\"--awb-border-radius-top-left:0px;--awb-border-radius-top-right:0px;--awb-border-radius-bottom-right:0px;--awb-border-radius-bottom-left:0px;--awb-flex-wrap:wrap;\" ><div class=\"fusion-builder-row fusion-row fusion-flex-align-items-flex-start fusion-flex-content-wrap\" style=\"max-width:1248px;margin-left: calc(-4% \/ 2 );margin-right: calc(-4% \/ 2 );\"><div class=\"fusion-layout-column fusion_builder_column fusion-builder-column-5 fusion_builder_column_1_2 1_2 fusion-flex-column\" style=\"--awb-bg-size:cover;--awb-width-large:50%;--awb-margin-top-large:0px;--awb-spacing-right-large:0%;--awb-margin-bottom-large:20px;--awb-spacing-left-large:3.84%;--awb-width-medium:50%;--awb-order-medium:0;--awb-spacing-right-medium:0%;--awb-spacing-left-medium:3.84%;--awb-width-small:100%;--awb-order-small:0;--awb-spacing-right-small:1.92%;--awb-spacing-left-small:1.92%;\"><div class=\"fusion-column-wrapper fusion-column-has-shadow fusion-flex-justify-content-flex-start fusion-content-layout-column\"><div class=\"fusion-image-element \" style=\"--awb-caption-title-font-family:var(--h2_typography-font-family);--awb-caption-title-font-weight:var(--h2_typography-font-weight);--awb-caption-title-font-style:var(--h2_typography-font-style);--awb-caption-title-size:var(--h2_typography-font-size);--awb-caption-title-transform:var(--h2_typography-text-transform);--awb-caption-title-line-height:var(--h2_typography-line-height);--awb-caption-title-letter-spacing:var(--h2_typography-letter-spacing);\"><span class=\" fusion-imageframe imageframe-none imageframe-2 hover-type-none\"><img decoding=\"async\" width=\"1229\" height=\"831\" title=\"Casa_Desax_Hotelzimmer\" src=\"https:\/\/trun-cultura.ch\/wp-content\/uploads\/2024\/10\/Casa_Desax_Hotelzimmer-e1729668986622.jpg\" alt class=\"img-responsive wp-image-6421\"\/><\/span><\/div><\/div><\/div><div class=\"fusion-layout-column fusion_builder_column fusion-builder-column-6 fusion_builder_column_1_2 1_2 fusion-flex-column\" style=\"--awb-padding-left-small:0px;--awb-bg-color:var(--awb-color1);--awb-bg-color-hover:var(--awb-color1);--awb-bg-size:cover;--awb-width-large:50%;--awb-margin-top-large:0px;--awb-spacing-right-large:3.84%;--awb-margin-bottom-large:20px;--awb-spacing-left-large:3.84%;--awb-width-medium:50%;--awb-order-medium:0;--awb-spacing-right-medium:3.84%;--awb-spacing-left-medium:3.84%;--awb-width-small:100%;--awb-order-small:0;--awb-spacing-right-small:1.92%;--awb-spacing-left-small:1.92%;\"><div class=\"fusion-column-wrapper fusion-column-has-shadow fusion-flex-justify-content-flex-start fusion-content-layout-column\"><div class=\"fusion-title title fusion-title-4 fusion-sep-none fusion-title-text fusion-title-size-four\"><h4 class=\"fusion-title-heading title-heading-left\" style=\"margin:0;\">Casa da hosps e da litterautra CASA DESAX<\/h4><\/div><div class=\"fusion-text fusion-text-3\"><p>Litteratura, hoteleria aulta e culinarica dueien formar in&#8217;unitad reussida ella villa da rococo CASA DESAX che schai el center da Trun. Ella duei sefrancar buca mo culturalmein mobein era economicamein e turisticamein el vitg da Trun e cumplettar igl ensemble da TRUN CULTURA cun la CASA CARIGIET, il SPAZI SPESCHA e la sculptura transibla OGNA a moda ideala.<br \/>La suprastonza ha dau il placet dil concept da diever ed il fundraising per la restauraziun da quei baghetg sut protecziun da monuments. Ei va pia era cheu vinavon! <\/p>\n<p><a href=\"https:\/\/trun-cultura.ch\/wp-content\/uploads\/2024\/10\/Casa_Desax_Dossier_28.08.2024.pdf\">il Dossier<\/a><\/p>\n<\/div><\/div><\/div><\/div><\/div><div class=\"fusion-fullwidth fullwidth-box fusion-builder-row-5 fusion-flex-container has-pattern-background has-mask-background nonhundred-percent-fullwidth non-hundred-percent-height-scrolling\" style=\"--awb-border-radius-top-left:0px;--awb-border-radius-top-right:0px;--awb-border-radius-bottom-right:0px;--awb-border-radius-bottom-left:0px;--awb-flex-wrap:wrap;\" ><div class=\"fusion-builder-row fusion-row fusion-flex-align-items-flex-start fusion-flex-content-wrap\" style=\"max-width:1248px;margin-left: calc(-4% \/ 2 );margin-right: calc(-4% \/ 2 );\"><div class=\"fusion-layout-column fusion_builder_column fusion-builder-column-7 fusion_builder_column_1_1 1_1 fusion-flex-column\" style=\"--awb-bg-size:cover;--awb-width-large:100%;--awb-margin-top-large:0px;--awb-spacing-right-large:1.92%;--awb-margin-bottom-large:20px;--awb-spacing-left-large:1.92%;--awb-width-medium:100%;--awb-order-medium:0;--awb-spacing-right-medium:1.92%;--awb-spacing-left-medium:1.92%;--awb-width-small:100%;--awb-order-small:0;--awb-spacing-right-small:1.92%;--awb-spacing-left-small:1.92%;\"><div class=\"fusion-column-wrapper fusion-column-has-shadow fusion-flex-justify-content-flex-start fusion-content-layout-column\"><div class=\"fusion-title title fusion-title-5 fusion-sep-none fusion-title-text fusion-title-size-one\"><h1 class=\"fusion-title-heading title-heading-left\" style=\"margin:0;\">Impressiuns d&#8217;events vargai<\/h1><\/div><\/div><\/div><\/div><\/div><div class=\"fusion-fullwidth fullwidth-box fusion-builder-row-6 fusion-flex-container has-pattern-background has-mask-background mobilereverserow nonhundred-percent-fullwidth non-hundred-percent-height-scrolling\" style=\"--awb-border-radius-top-left:0px;--awb-border-radius-top-right:0px;--awb-border-radius-bottom-right:0px;--awb-border-radius-bottom-left:0px;--awb-padding-bottom:20px;--awb-flex-wrap:wrap;\" ><div class=\"fusion-builder-row fusion-row fusion-flex-align-items-flex-start fusion-flex-content-wrap\" style=\"max-width:1248px;margin-left: calc(-4% \/ 2 );margin-right: calc(-4% \/ 2 );\"><div class=\"fusion-layout-column fusion_builder_column fusion-builder-column-8 fusion_builder_column_1_2 1_2 fusion-flex-column\" style=\"--awb-padding-left-small:0px;--awb-bg-color:var(--awb-color1);--awb-bg-color-hover:var(--awb-color1);--awb-bg-size:cover;--awb-width-large:50%;--awb-margin-top-large:0px;--awb-spacing-right-large:3.84%;--awb-margin-bottom-large:20px;--awb-spacing-left-large:3.84%;--awb-width-medium:50%;--awb-order-medium:0;--awb-spacing-right-medium:3.84%;--awb-spacing-left-medium:3.84%;--awb-width-small:100%;--awb-order-small:0;--awb-spacing-right-small:1.92%;--awb-spacing-left-small:1.92%;\"><div class=\"fusion-column-wrapper fusion-column-has-shadow fusion-flex-justify-content-flex-start fusion-content-layout-column\"><div class=\"fusion-title title fusion-title-6 fusion-sep-none fusion-title-text fusion-title-size-four\"><h4 class=\"fusion-title-heading title-heading-left\" style=\"margin:0;\">DESIGN PER LIUNG DIL REIN<\/h4><\/div><div class=\"fusion-text fusion-text-4\"><p>La plattafuorma \u00abDesign per liung dil Rein\u00bb ei vegnida lantschada ils 27-6 \u201314-07-2024 &#8211; 14.7. 2024 erstmals lanciert und fand von Chur entlang beider Flussverl\u00e4ufe bis nach Disentis-Sedrun respektive Andeer statt.<br \/>\nDabei \u00f6ffneten Kreativschaffende ihre Studios\/Werkst\u00e4tten und gaben Einblicke in den Prozess ihrer gestalterischen Arbeiten.<br \/>\nDas Publikum wurde auf eine Reise durch die Regionen eingeladen, um an \u00fcberraschenden Standorten und in Ausstellungen mehr \u00fcber die Designbranche in Graub\u00fcnden und ihre Bedeutung f\u00fcr Wirtschaft und Gesellschaft zu erfahren. D\u200die CASA DESAX war Gastgeberin f\u00fcr die Ausstellung <strong>&#8220;Herkunft &#8211; Zukunft&#8221;<\/strong> mit Beitr\u00e4gen von <a href=\"http:\/\/www.0813.ch\">0813 Grafik Atelier<\/a>, <a href=\"http:\/\/www.buendnertuch.ch\">B\u00fcndnertuch,<\/a> <a href=\"http:\/\/www.hotwireextensions.com\">Fabio Hendry<\/a>, <a href=\"http:\/\/www.hitzfilz.ch\">Hitzfilz,<\/a> <a href=\"http:\/\/www.r54.ch\">Linea R54,<\/a><a href=\"http:\/\/www.maratschudi.ch\"> Mara Tschudi ,<\/a> <a href=\"http:\/\/www.pierabuchli.ch\">Piera Buchli <\/a>und<a href=\"http:\/\/tennatweed.ch\"> Tenna Tweed<\/a><br \/>\nF\u00fcr Trun Cultura: <a href=\"https:\/\/www.atelierschmidt.ch\/design\">Werner Schmidt<\/a><\/p>\n<\/div><\/div><\/div><div class=\"fusion-layout-column fusion_builder_column fusion-builder-column-9 fusion_builder_column_1_2 1_2 fusion-flex-column\" style=\"--awb-bg-size:cover;--awb-width-large:50%;--awb-margin-top-large:0px;--awb-spacing-right-large:0%;--awb-margin-bottom-large:0px;--awb-spacing-left-large:3.84%;--awb-width-medium:50%;--awb-order-medium:0;--awb-spacing-right-medium:0%;--awb-spacing-left-medium:3.84%;--awb-width-small:100%;--awb-order-small:0;--awb-spacing-right-small:1.92%;--awb-spacing-left-small:1.92%;\"><div class=\"fusion-column-wrapper fusion-column-has-shadow fusion-flex-justify-content-flex-start fusion-content-layout-column\"><div class=\"fusion-image-element \" style=\"--awb-caption-title-font-family:var(--h2_typography-font-family);--awb-caption-title-font-weight:var(--h2_typography-font-weight);--awb-caption-title-font-style:var(--h2_typography-font-style);--awb-caption-title-size:var(--h2_typography-font-size);--awb-caption-title-transform:var(--h2_typography-text-transform);--awb-caption-title-line-height:var(--h2_typography-line-height);--awb-caption-title-letter-spacing:var(--h2_typography-letter-spacing);\"><span class=\" fusion-imageframe imageframe-none imageframe-3 hover-type-none\"><img decoding=\"async\" width=\"1920\" height=\"1002\" title=\"RZ_DARh_Keyvisual_RGB_V1\" src=\"https:\/\/trun-cultura.ch\/wp-content\/uploads\/2024\/06\/RZ_DARh_Keyvisual_RGB_V1.png\" alt class=\"img-responsive wp-image-3680\" srcset=\"https:\/\/trun-cultura.ch\/wp-content\/uploads\/2024\/06\/RZ_DARh_Keyvisual_RGB_V1-200x104.png 200w, https:\/\/trun-cultura.ch\/wp-content\/uploads\/2024\/06\/RZ_DARh_Keyvisual_RGB_V1-400x209.png 400w, https:\/\/trun-cultura.ch\/wp-content\/uploads\/2024\/06\/RZ_DARh_Keyvisual_RGB_V1-600x313.png 600w, https:\/\/trun-cultura.ch\/wp-content\/uploads\/2024\/06\/RZ_DARh_Keyvisual_RGB_V1-800x418.png 800w, https:\/\/trun-cultura.ch\/wp-content\/uploads\/2024\/06\/RZ_DARh_Keyvisual_RGB_V1-1200x626.png 1200w, https:\/\/trun-cultura.ch\/wp-content\/uploads\/2024\/06\/RZ_DARh_Keyvisual_RGB_V1.png 1920w\" sizes=\"(max-width: 575px) 100vw, 600px\" \/><\/span><\/div><\/div><\/div><\/div><\/div><\/p>\n","protected":false},"excerpt":{"rendered":"","protected":false},"author":3,"featured_media":0,"parent":0,"menu_order":4,"comment_status":"closed","ping_status":"closed","template":"100-width.php","meta":{"footnotes":""},"class_list":["post-2336","page","type-page","status-publish","hentry"],"_links":{"self":[{"href":"https:\/\/trun-cultura.ch\/rm\/wp-json\/wp\/v2\/pages\/2336","targetHints":{"allow":["GET"]}}],"collection":[{"href":"https:\/\/trun-cultura.ch\/rm\/wp-json\/wp\/v2\/pages"}],"about":[{"href":"https:\/\/trun-cultura.ch\/rm\/wp-json\/wp\/v2\/types\/page"}],"author":[{"embeddable":true,"href":"https:\/\/trun-cultura.ch\/rm\/wp-json\/wp\/v2\/users\/3"}],"replies":[{"embeddable":true,"href":"https:\/\/trun-cultura.ch\/rm\/wp-json\/wp\/v2\/comments?post=2336"}],"version-history":[{"count":124,"href":"https:\/\/trun-cultura.ch\/rm\/wp-json\/wp\/v2\/pages\/2336\/revisions"}],"predecessor-version":[{"id":6704,"href":"https:\/\/trun-cultura.ch\/rm\/wp-json\/wp\/v2\/pages\/2336\/revisions\/6704"}],"wp:attachment":[{"href":"https:\/\/trun-cultura.ch\/rm\/wp-json\/wp\/v2\/media?parent=2336"}],"curies":[{"name":"wp","href":"https:\/\/api.w.org\/{rel}","templated":true}]}}